{"id":5025,"date":"2026-03-18T23:30:34","date_gmt":"2026-03-18T16:30:34","guid":{"rendered":"https:\/\/mayxucdien2.tranvugroup.com\/news-2\/"},"modified":"2026-03-19T16:21:44","modified_gmt":"2026-03-19T09:21:44","slug":"news-2","status":"publish","type":"page","link":"https:\/\/mayxucdien2.tranvugroup.com\/en\/news-2\/","title":{"rendered":"News"},"content":{"rendered":"\t\t<div data-elementor-type=\"wp-page\" data-elementor-id=\"5025\" class=\"elementor elementor-5025 elementor-4948\" data-elementor-post-type=\"page\">\n\t\t\t\t<div class=\"elementor-element elementor-element-29c2903e e-flex e-con-boxed e-con e-parent\" data-id=\"29c2903e\" data-element_type=\"container\" data-e-type=\"container\" data-settings=\"{&quot;background_background&quot;:&quot;classic&quot;}\">\n\t\t\t\t\t<div class=\"e-con-inner\">\n\t\t<div class=\"elementor-element elementor-element-e71de21 e-flex e-con-boxed e-con e-child\" data-id=\"e71de21\" data-element_type=\"container\" data-e-type=\"container\" data-settings=\"{&quot;background_background&quot;:&quot;classic&quot;}\">\n\t\t\t\t\t<div class=\"e-con-inner\">\n\t\t\t\t<div class=\"elementor-element elementor-element-cde2642 elementor-widget elementor-widget-heading\" data-id=\"cde2642\" data-element_type=\"widget\" data-e-type=\"widget\" data-widget_type=\"heading.default\">\n\t\t\t\t\t<h1 class=\"elementor-heading-title elementor-size-default\">NEWS<\/h1>\t\t\t\t<\/div>\n\t\t\t\t<div class=\"elementor-element elementor-element-9530eec elementor-widget elementor-widget-heading\" data-id=\"9530eec\" data-element_type=\"widget\" data-e-type=\"widget\" data-widget_type=\"heading.default\">\n\t\t\t\t\t<h4 class=\"elementor-heading-title elementor-size-default\">TH\u00d4NG TIN V\u1ec0 M\u00c1Y X\u00daC \u0110I\u1ec6N<\/h4>\t\t\t\t<\/div>\n\t\t\t\t\t<\/div>\n\t\t\t\t<\/div>\n\t\t\t\t\t<\/div>\n\t\t\t\t<\/div>\n\t\t<div class=\"elementor-element elementor-element-18f2f275 e-flex e-con-boxed e-con e-parent\" data-id=\"18f2f275\" data-element_type=\"container\" data-e-type=\"container\">\n\t\t\t\t\t<div class=\"e-con-inner\">\n\t\t<div class=\"elementor-element elementor-element-52d86101 e-con-full e-flex e-con e-child\" data-id=\"52d86101\" data-element_type=\"container\" data-e-type=\"container\">\n\t\t\t\t<div class=\"elementor-element elementor-element-7972fec elementor-posts--align-left elementor-grid-3 elementor-grid-tablet-2 elementor-grid-mobile-1 elementor-posts--thumbnail-top elementor-card-shadow-yes elementor-posts__hover-gradient elementor-widget elementor-widget-posts\" data-id=\"7972fec\" data-element_type=\"widget\" data-e-type=\"widget\" data-settings=\"{&quot;pagination_type&quot;:&quot;numbers_and_prev_next&quot;,&quot;cards_columns&quot;:&quot;3&quot;,&quot;cards_columns_tablet&quot;:&quot;2&quot;,&quot;cards_columns_mobile&quot;:&quot;1&quot;,&quot;cards_row_gap&quot;:{&quot;unit&quot;:&quot;px&quot;,&quot;size&quot;:35,&quot;sizes&quot;:[]},&quot;cards_row_gap_tablet&quot;:{&quot;unit&quot;:&quot;px&quot;,&quot;size&quot;:&quot;&quot;,&quot;sizes&quot;:[]},&quot;cards_row_gap_mobile&quot;:{&quot;unit&quot;:&quot;px&quot;,&quot;size&quot;:&quot;&quot;,&quot;sizes&quot;:[]}}\" data-widget_type=\"posts.cards\">\n\t\t\t\t<div class=\"elementor-widget-container\">\n\t\t\t\t\t\t\t<div class=\"elementor-posts-container elementor-posts elementor-posts--skin-cards elementor-grid\" role=\"list\">\n\t\t\t\t<article class=\"elementor-post elementor-grid-item post-5023 post type-post status-publish format-standard has-post-thumbnail hentry category-uncategorized\" role=\"listitem\">\n\t\t\t<div class=\"elementor-post__card\">\n\t\t\t\t<a class=\"elementor-post__thumbnail__link\" href=\"https:\/\/mayxucdien2.tranvugroup.com\/en\/the-future-of-electric-excavators-in-vietnam\/\" tabindex=\"-1\" ><div class=\"elementor-post__thumbnail\"><img fetchpriority=\"high\" decoding=\"async\" width=\"600\" height=\"450\" src=\"https:\/\/mayxucdien2.tranvugroup.com\/wp-content\/uploads\/2025\/12\/586165090_122249649374162160_3990666129522661143_n-600x450.jpg\" class=\"attachment-medium size-medium wp-image-3669\" alt=\"Kobelco SK350-E electric excavator\" srcset=\"https:\/\/mayxucdien2.tranvugroup.com\/wp-content\/uploads\/2025\/12\/586165090_122249649374162160_3990666129522661143_n-600x450.jpg 600w, https:\/\/mayxucdien2.tranvugroup.com\/wp-content\/uploads\/2025\/12\/586165090_122249649374162160_3990666129522661143_n-400x300.jpg 400w, https:\/\/mayxucdien2.tranvugroup.com\/wp-content\/uploads\/2025\/12\/586165090_122249649374162160_3990666129522661143_n-768x575.jpg 768w, https:\/\/mayxucdien2.tranvugroup.com\/wp-content\/uploads\/2025\/12\/586165090_122249649374162160_3990666129522661143_n-1200x900.jpg 1200w, https:\/\/mayxucdien2.tranvugroup.com\/wp-content\/uploads\/2025\/12\/586165090_122249649374162160_3990666129522661143_n-300x225.jpg 300w, https:\/\/mayxucdien2.tranvugroup.com\/wp-content\/uploads\/2025\/12\/586165090_122249649374162160_3990666129522661143_n-1024x767.jpg 1024w, https:\/\/mayxucdien2.tranvugroup.com\/wp-content\/uploads\/2025\/12\/586165090_122249649374162160_3990666129522661143_n.jpg 1276w\" sizes=\"(max-width: 600px) 100vw, 600px\" title=\"\"><\/div><\/a>\n\t\t\t\t<div class=\"elementor-post__text\">\n\t\t\t\t<h2 class=\"elementor-post__title\">\n\t\t\t<a href=\"https:\/\/mayxucdien2.tranvugroup.com\/en\/the-future-of-electric-excavators-in-vietnam\/\" >\n\t\t\t\tThe future of electric excavators in Vietnam\t\t\t<\/a>\n\t\t<\/h2>\n\t\t\t\t<div class=\"elementor-post__excerpt\">\n\t\t\t<p>Electric excavators are becoming increasingly common in Vietnam.<\/p>\t\t<\/div>\n\t\t\t\t\t<div class=\"elementor-post__read-more-wrapper\">\n\t\t\n\t\t<a class=\"elementor-post__read-more\" href=\"https:\/\/mayxucdien2.tranvugroup.com\/en\/the-future-of-electric-excavators-in-vietnam\/\" aria-label=\"Read more about The future of electric excavators in Vietnam\" tabindex=\"-1\" >\n\t\t\tSee more\t\t<\/a>\n\n\t\t\t\t\t<\/div>\n\t\t\t\t<\/div>\n\t\t\t\t<div class=\"elementor-post__meta-data\">\n\t\t\t\t\t<span class=\"elementor-post-date\">\n\t\t\tMarch 19, 2026\t\t<\/span>\n\t\t\t\t<span class=\"elementor-post-avatar\">\n\t\t\tNo Comments\t\t<\/span>\n\t\t\t\t<\/div>\n\t\t\t\t\t<\/div>\n\t\t<\/article>\n\t\t\t\t<article class=\"elementor-post elementor-grid-item post-5021 post type-post status-publish format-standard has-post-thumbnail hentry category-uncategorized\" role=\"listitem\">\n\t\t\t<div class=\"elementor-post__card\">\n\t\t\t\t<a class=\"elementor-post__thumbnail__link\" href=\"https:\/\/mayxucdien2.tranvugroup.com\/en\/are-electric-excavators-suitable-for-all-construction-projects\/\" tabindex=\"-1\" ><div class=\"elementor-post__thumbnail\"><img decoding=\"async\" width=\"350\" height=\"262\" src=\"https:\/\/mayxucdien2.tranvugroup.com\/wp-content\/uploads\/2025\/12\/5.png\" class=\"attachment-medium size-medium wp-image-4578\" alt=\"\" title=\"\"><\/div><\/a>\n\t\t\t\t<div class=\"elementor-post__text\">\n\t\t\t\t<h2 class=\"elementor-post__title\">\n\t\t\t<a href=\"https:\/\/mayxucdien2.tranvugroup.com\/en\/are-electric-excavators-suitable-for-all-construction-projects\/\" >\n\t\t\t\tAre electric excavators suitable for all construction projects?\t\t\t<\/a>\n\t\t<\/h2>\n\t\t\t\t<div class=\"elementor-post__excerpt\">\n\t\t\t<p>Not all construction sites are suitable for electric excavators.<\/p>\t\t<\/div>\n\t\t\t\t\t<div class=\"elementor-post__read-more-wrapper\">\n\t\t\n\t\t<a class=\"elementor-post__read-more\" href=\"https:\/\/mayxucdien2.tranvugroup.com\/en\/are-electric-excavators-suitable-for-all-construction-projects\/\" aria-label=\"Read more about Are electric excavators suitable for all construction projects?\" tabindex=\"-1\" >\n\t\t\tSee more\t\t<\/a>\n\n\t\t\t\t\t<\/div>\n\t\t\t\t<\/div>\n\t\t\t\t<div class=\"elementor-post__meta-data\">\n\t\t\t\t\t<span class=\"elementor-post-date\">\n\t\t\tMarch 19, 2026\t\t<\/span>\n\t\t\t\t<span class=\"elementor-post-avatar\">\n\t\t\tNo Comments\t\t<\/span>\n\t\t\t\t<\/div>\n\t\t\t\t\t<\/div>\n\t\t<\/article>\n\t\t\t\t<article class=\"elementor-post elementor-grid-item post-5019 post type-post status-publish format-standard has-post-thumbnail hentry category-uncategorized\" role=\"listitem\">\n\t\t\t<div class=\"elementor-post__card\">\n\t\t\t\t<a class=\"elementor-post__thumbnail__link\" href=\"https:\/\/mayxucdien2.tranvugroup.com\/en\/mistakes-to-avoid-when-using-electric-excavators\/\" tabindex=\"-1\" ><div class=\"elementor-post__thumbnail\"><img decoding=\"async\" width=\"600\" height=\"450\" src=\"https:\/\/mayxucdien2.tranvugroup.com\/wp-content\/uploads\/2025\/12\/506750277_122137330136748369_1089590462402494024_n-600x450.jpg\" class=\"attachment-medium size-medium wp-image-3671\" alt=\"Hitachi ZX350-E electric excavator\" srcset=\"https:\/\/mayxucdien2.tranvugroup.com\/wp-content\/uploads\/2025\/12\/506750277_122137330136748369_1089590462402494024_n-600x450.jpg 600w, https:\/\/mayxucdien2.tranvugroup.com\/wp-content\/uploads\/2025\/12\/506750277_122137330136748369_1089590462402494024_n-400x300.jpg 400w, https:\/\/mayxucdien2.tranvugroup.com\/wp-content\/uploads\/2025\/12\/506750277_122137330136748369_1089590462402494024_n-768x576.jpg 768w, https:\/\/mayxucdien2.tranvugroup.com\/wp-content\/uploads\/2025\/12\/506750277_122137330136748369_1089590462402494024_n-1200x900.jpg 1200w, https:\/\/mayxucdien2.tranvugroup.com\/wp-content\/uploads\/2025\/12\/506750277_122137330136748369_1089590462402494024_n-1536x1152.jpg 1536w, https:\/\/mayxucdien2.tranvugroup.com\/wp-content\/uploads\/2025\/12\/506750277_122137330136748369_1089590462402494024_n-300x225.jpg 300w, https:\/\/mayxucdien2.tranvugroup.com\/wp-content\/uploads\/2025\/12\/506750277_122137330136748369_1089590462402494024_n-1024x768.jpg 1024w, https:\/\/mayxucdien2.tranvugroup.com\/wp-content\/uploads\/2025\/12\/506750277_122137330136748369_1089590462402494024_n.jpg 2048w\" sizes=\"(max-width: 600px) 100vw, 600px\" title=\"\"><\/div><\/a>\n\t\t\t\t<div class=\"elementor-post__text\">\n\t\t\t\t<h2 class=\"elementor-post__title\">\n\t\t\t<a href=\"https:\/\/mayxucdien2.tranvugroup.com\/en\/mistakes-to-avoid-when-using-electric-excavators\/\" >\n\t\t\t\tMistakes to avoid when using electric excavators.\t\t\t<\/a>\n\t\t<\/h2>\n\t\t\t\t<div class=\"elementor-post__excerpt\">\n\t\t\t<p>Despite being easier to operate, many people still make mistakes when using electric excavators.<\/p>\t\t<\/div>\n\t\t\t\t\t<div class=\"elementor-post__read-more-wrapper\">\n\t\t\n\t\t<a class=\"elementor-post__read-more\" href=\"https:\/\/mayxucdien2.tranvugroup.com\/en\/mistakes-to-avoid-when-using-electric-excavators\/\" aria-label=\"Read more about Mistakes to avoid when using electric excavators.\" tabindex=\"-1\" >\n\t\t\tSee more\t\t<\/a>\n\n\t\t\t\t\t<\/div>\n\t\t\t\t<\/div>\n\t\t\t\t<div class=\"elementor-post__meta-data\">\n\t\t\t\t\t<span class=\"elementor-post-date\">\n\t\t\tMarch 19, 2026\t\t<\/span>\n\t\t\t\t<span class=\"elementor-post-avatar\">\n\t\t\tNo Comments\t\t<\/span>\n\t\t\t\t<\/div>\n\t\t\t\t\t<\/div>\n\t\t<\/article>\n\t\t\t\t<article class=\"elementor-post elementor-grid-item post-5017 post type-post status-publish format-standard has-post-thumbnail hentry category-uncategorized\" role=\"listitem\">\n\t\t\t<div class=\"elementor-post__card\">\n\t\t\t\t<a class=\"elementor-post__thumbnail__link\" href=\"https:\/\/mayxucdien2.tranvugroup.com\/en\/the-cost-of-operating-an-electric-and-diesel-excavator-for-one-year\/\" tabindex=\"-1\" ><div class=\"elementor-post__thumbnail\"><img loading=\"lazy\" decoding=\"async\" width=\"600\" height=\"450\" src=\"https:\/\/mayxucdien2.tranvugroup.com\/wp-content\/uploads\/2025\/12\/51112599_1034755570066046_6158870905033326592_n-600x450.jpg\" class=\"attachment-medium size-medium wp-image-5016\" alt=\"\" srcset=\"https:\/\/mayxucdien2.tranvugroup.com\/wp-content\/uploads\/2025\/12\/51112599_1034755570066046_6158870905033326592_n-600x450.jpg 600w, https:\/\/mayxucdien2.tranvugroup.com\/wp-content\/uploads\/2025\/12\/51112599_1034755570066046_6158870905033326592_n-400x300.jpg 400w, https:\/\/mayxucdien2.tranvugroup.com\/wp-content\/uploads\/2025\/12\/51112599_1034755570066046_6158870905033326592_n-768x576.jpg 768w, https:\/\/mayxucdien2.tranvugroup.com\/wp-content\/uploads\/2025\/12\/51112599_1034755570066046_6158870905033326592_n-1200x900.jpg 1200w, https:\/\/mayxucdien2.tranvugroup.com\/wp-content\/uploads\/2025\/12\/51112599_1034755570066046_6158870905033326592_n-1536x1152.jpg 1536w, https:\/\/mayxucdien2.tranvugroup.com\/wp-content\/uploads\/2025\/12\/51112599_1034755570066046_6158870905033326592_n-300x225.jpg 300w, https:\/\/mayxucdien2.tranvugroup.com\/wp-content\/uploads\/2025\/12\/51112599_1034755570066046_6158870905033326592_n-1024x768.jpg 1024w, https:\/\/mayxucdien2.tranvugroup.com\/wp-content\/uploads\/2025\/12\/51112599_1034755570066046_6158870905033326592_n.jpg 1772w\" sizes=\"(max-width: 600px) 100vw, 600px\" title=\"\"><\/div><\/a>\n\t\t\t\t<div class=\"elementor-post__text\">\n\t\t\t\t<h2 class=\"elementor-post__title\">\n\t\t\t<a href=\"https:\/\/mayxucdien2.tranvugroup.com\/en\/the-cost-of-operating-an-electric-and-diesel-excavator-for-one-year\/\" >\n\t\t\t\tThe cost of operating an electric and diesel excavator for one year.\t\t\t<\/a>\n\t\t<\/h2>\n\t\t\t\t<div class=\"elementor-post__excerpt\">\n\t\t\t<p>One of the most common questions is: &#8220;Are electric excavators really fuel-efficient?&#8221;<\/p>\t\t<\/div>\n\t\t\t\t\t<div class=\"elementor-post__read-more-wrapper\">\n\t\t\n\t\t<a class=\"elementor-post__read-more\" href=\"https:\/\/mayxucdien2.tranvugroup.com\/en\/the-cost-of-operating-an-electric-and-diesel-excavator-for-one-year\/\" aria-label=\"Read more about The cost of operating an electric and diesel excavator for one year.\" tabindex=\"-1\" >\n\t\t\tSee more\t\t<\/a>\n\n\t\t\t\t\t<\/div>\n\t\t\t\t<\/div>\n\t\t\t\t<div class=\"elementor-post__meta-data\">\n\t\t\t\t\t<span class=\"elementor-post-date\">\n\t\t\tMarch 19, 2026\t\t<\/span>\n\t\t\t\t<span class=\"elementor-post-avatar\">\n\t\t\tNo Comments\t\t<\/span>\n\t\t\t\t<\/div>\n\t\t\t\t\t<\/div>\n\t\t<\/article>\n\t\t\t\t<article class=\"elementor-post elementor-grid-item post-5014 post type-post status-publish format-standard has-post-thumbnail hentry category-uncategorized\" role=\"listitem\">\n\t\t\t<div class=\"elementor-post__card\">\n\t\t\t\t<a class=\"elementor-post__thumbnail__link\" href=\"https:\/\/mayxucdien2.tranvugroup.com\/en\/types-of-batteries-used-in-electric-excavators-and-how-to-choose-them\/\" tabindex=\"-1\" ><div class=\"elementor-post__thumbnail\"><img loading=\"lazy\" decoding=\"async\" width=\"544\" height=\"450\" src=\"https:\/\/mayxucdien2.tranvugroup.com\/wp-content\/uploads\/2025\/12\/554240946_122130358742933635_1619941655532607427_n-544x450.jpg\" class=\"attachment-medium size-medium wp-image-3659\" alt=\"Kobelco SK140-E electric excavator\" srcset=\"https:\/\/mayxucdien2.tranvugroup.com\/wp-content\/uploads\/2025\/12\/554240946_122130358742933635_1619941655532607427_n-544x450.jpg 544w, https:\/\/mayxucdien2.tranvugroup.com\/wp-content\/uploads\/2025\/12\/554240946_122130358742933635_1619941655532607427_n-600x497.jpg 600w, https:\/\/mayxucdien2.tranvugroup.com\/wp-content\/uploads\/2025\/12\/554240946_122130358742933635_1619941655532607427_n-300x248.jpg 300w, https:\/\/mayxucdien2.tranvugroup.com\/wp-content\/uploads\/2025\/12\/554240946_122130358742933635_1619941655532607427_n.jpg 720w\" sizes=\"(max-width: 544px) 100vw, 544px\" title=\"\"><\/div><\/a>\n\t\t\t\t<div class=\"elementor-post__text\">\n\t\t\t\t<h2 class=\"elementor-post__title\">\n\t\t\t<a href=\"https:\/\/mayxucdien2.tranvugroup.com\/en\/types-of-batteries-used-in-electric-excavators-and-how-to-choose-them\/\" >\n\t\t\t\tTypes of batteries used in electric excavators and how to choose them.\t\t\t<\/a>\n\t\t<\/h2>\n\t\t\t\t<div class=\"elementor-post__excerpt\">\n\t\t\t<p>The battery is the &#8220;heart&#8221; of an electric excavator. Choosing the right type of battery directly affects the machine&#8217;s performance and lifespan. <\/p>\t\t<\/div>\n\t\t\t\t\t<div class=\"elementor-post__read-more-wrapper\">\n\t\t\n\t\t<a class=\"elementor-post__read-more\" href=\"https:\/\/mayxucdien2.tranvugroup.com\/en\/types-of-batteries-used-in-electric-excavators-and-how-to-choose-them\/\" aria-label=\"Read more about Types of batteries used in electric excavators and how to choose them.\" tabindex=\"-1\" >\n\t\t\tSee more\t\t<\/a>\n\n\t\t\t\t\t<\/div>\n\t\t\t\t<\/div>\n\t\t\t\t<div class=\"elementor-post__meta-data\">\n\t\t\t\t\t<span class=\"elementor-post-date\">\n\t\t\tMarch 19, 2026\t\t<\/span>\n\t\t\t\t<span class=\"elementor-post-avatar\">\n\t\t\tNo Comments\t\t<\/span>\n\t\t\t\t<\/div>\n\t\t\t\t\t<\/div>\n\t\t<\/article>\n\t\t\t\t<article class=\"elementor-post elementor-grid-item post-5012 post type-post status-publish format-standard has-post-thumbnail hentry category-uncategorized\" role=\"listitem\">\n\t\t\t<div class=\"elementor-post__card\">\n\t\t\t\t<a class=\"elementor-post__thumbnail__link\" href=\"https:\/\/mayxucdien2.tranvugroup.com\/en\/when-should-you-switch-from-a-diesel-excavator-to-an-electric-excavator\/\" tabindex=\"-1\" ><div class=\"elementor-post__thumbnail\"><img loading=\"lazy\" decoding=\"async\" width=\"338\" height=\"450\" src=\"https:\/\/mayxucdien2.tranvugroup.com\/wp-content\/uploads\/2025\/12\/598984432_815142104835674_381057706405983481_n-338x450.jpg\" class=\"attachment-medium size-medium wp-image-3661\" alt=\"\" srcset=\"https:\/\/mayxucdien2.tranvugroup.com\/wp-content\/uploads\/2025\/12\/598984432_815142104835674_381057706405983481_n-338x450.jpg 338w, https:\/\/mayxucdien2.tranvugroup.com\/wp-content\/uploads\/2025\/12\/598984432_815142104835674_381057706405983481_n-768x1024.jpg 768w, https:\/\/mayxucdien2.tranvugroup.com\/wp-content\/uploads\/2025\/12\/598984432_815142104835674_381057706405983481_n-675x900.jpg 675w, https:\/\/mayxucdien2.tranvugroup.com\/wp-content\/uploads\/2025\/12\/598984432_815142104835674_381057706405983481_n-600x800.jpg 600w, https:\/\/mayxucdien2.tranvugroup.com\/wp-content\/uploads\/2025\/12\/598984432_815142104835674_381057706405983481_n-225x300.jpg 225w, https:\/\/mayxucdien2.tranvugroup.com\/wp-content\/uploads\/2025\/12\/598984432_815142104835674_381057706405983481_n.jpg 960w\" sizes=\"(max-width: 338px) 100vw, 338px\" title=\"\"><\/div><\/a>\n\t\t\t\t<div class=\"elementor-post__text\">\n\t\t\t\t<h2 class=\"elementor-post__title\">\n\t\t\t<a href=\"https:\/\/mayxucdien2.tranvugroup.com\/en\/when-should-you-switch-from-a-diesel-excavator-to-an-electric-excavator\/\" >\n\t\t\t\tWhen should you switch from a diesel excavator to an electric excavator?\t\t\t<\/a>\n\t\t<\/h2>\n\t\t\t\t<div class=\"elementor-post__excerpt\">\n\t\t\t<p>Amid rising fuel costs and increasingly stringent environmental regulations, many businesses are considering switching from diesel to electric excavators. But is this the right time?\t\t<\/div>\n\t\t\t\t\t<div class=\"elementor-post__read-more-wrapper\">\n\t\t\n\t\t<a class=\"elementor-post__read-more\" href=\"https:\/\/mayxucdien2.tranvugroup.com\/en\/when-should-you-switch-from-a-diesel-excavator-to-an-electric-excavator\/\" aria-label=\"Read more about When should you switch from a diesel excavator to an electric excavator?\" tabindex=\"-1\" >\n\t\t\tSee more\t\t<\/a>\n\n\t\t\t\t\t<\/div>\n\t\t\t\t<\/div>\n\t\t\t\t<div class=\"elementor-post__meta-data\">\n\t\t\t\t\t<span class=\"elementor-post-date\">\n\t\t\tMarch 19, 2026\t\t<\/span>\n\t\t\t\t<span class=\"elementor-post-avatar\">\n\t\t\tNo Comments\t\t<\/span>\n\t\t\t\t<\/div>\n\t\t\t\t\t<\/div>\n\t\t<\/article>\n\t\t\t\t<\/div>\n\t\t\n\t\t\t\t<div class=\"e-load-more-anchor\" data-page=\"1\" data-max-page=\"2\" data-next-page=\"https:\/\/mayxucdien2.tranvugroup.com\/en\/wp-json\/wp\/v2\/pages\/5025\/page\/2\/\"><\/div>\n\t\t\t\t<nav class=\"elementor-pagination\" aria-label=\"Pagination\">\n\t\t\t<span class=\"page-numbers prev\">\u00ab Previous<\/span>\n<span aria-current=\"page\" class=\"page-numbers current\"><span class=\"elementor-screen-only\">Page<\/span>1<\/span>\n<a class=\"page-numbers\" href=\"https:\/\/mayxucdien2.tranvugroup.com\/en\/wp-json\/wp\/v2\/pages\/5025\/page\/2\/\"><span class=\"elementor-screen-only\">Page<\/span>2<\/a>\n<a class=\"page-numbers next\" href=\"https:\/\/mayxucdien2.tranvugroup.com\/en\/wp-json\/wp\/v2\/pages\/5025\/page\/2\/\">Next \u00bb<\/a>\t\t<\/nav>\n\t\t\t\t\t\t<\/div>\n\t\t\t\t<\/div>\n\t\t\t\t<\/div>\n\t\t\t\t\t<\/div>\n\t\t\t\t<\/div>\n\t\t\t\t<\/div>\n\t\t","protected":false},"excerpt":{"rendered":"<p>NEWS TH\u00d4NG TIN V\u1ec0 M\u00c1Y X\u00daC \u0110I\u1ec6N<\/p>\n","protected":false},"author":3,"featured_media":0,"parent":0,"menu_order":0,"comment_status":"closed","ping_status":"closed","template":"","meta":{"footnotes":""},"class_list":["post-5025","page","type-page","status-publish","hentry"],"_links":{"self":[{"href":"https:\/\/mayxucdien2.tranvugroup.com\/en\/wp-json\/wp\/v2\/pages\/5025","targetHints":{"allow":["GET"]}}],"collection":[{"href":"https:\/\/mayxucdien2.tranvugroup.com\/en\/wp-json\/wp\/v2\/pages"}],"about":[{"href":"https:\/\/mayxucdien2.tranvugroup.com\/en\/wp-json\/wp\/v2\/types\/page"}],"author":[{"embeddable":true,"href":"https:\/\/mayxucdien2.tranvugroup.com\/en\/wp-json\/wp\/v2\/users\/3"}],"replies":[{"embeddable":true,"href":"https:\/\/mayxucdien2.tranvugroup.com\/en\/wp-json\/wp\/v2\/comments?post=5025"}],"version-history":[{"count":7,"href":"https:\/\/mayxucdien2.tranvugroup.com\/en\/wp-json\/wp\/v2\/pages\/5025\/revisions"}],"predecessor-version":[{"id":5032,"href":"https:\/\/mayxucdien2.tranvugroup.com\/en\/wp-json\/wp\/v2\/pages\/5025\/revisions\/5032"}],"wp:attachment":[{"href":"https:\/\/mayxucdien2.tranvugroup.com\/en\/wp-json\/wp\/v2\/media?parent=5025"}],"curies":[{"name":"wp","href":"https:\/\/api.w.org\/{rel}","templated":true}]}}