{"id":3472,"date":"2026-01-06T14:16:36","date_gmt":"2026-01-06T07:16:36","guid":{"rendered":"https:\/\/mayxucdien2.tranvugroup.com\/cart\/"},"modified":"2026-01-06T14:16:51","modified_gmt":"2026-01-06T07:16:51","slug":"cart","status":"publish","type":"page","link":"https:\/\/mayxucdien2.tranvugroup.com\/en\/cart\/","title":{"rendered":"Cart"},"content":{"rendered":"\n<div data-block-name=\"woocommerce\/cart\" class=\"wp-block-woocommerce-cart alignwide is-loading\">\n<div data-block-name=\"woocommerce\/filled-cart-block\" class=\"wp-block-woocommerce-filled-cart-block\">\n<div data-block-name=\"woocommerce\/cart-items-block\" class=\"wp-block-woocommerce-cart-items-block\">\n<div data-block-name=\"woocommerce\/cart-line-items-block\" class=\"wp-block-woocommerce-cart-line-items-block\"><\/div>\n\n\n<\/div>\n\n\n\n\n<div data-block-name=\"woocommerce\/cart-totals-block\" class=\"wp-block-woocommerce-cart-totals-block\">\n<div data-block-name=\"woocommerce\/cart-order-summary-block\" class=\"wp-block-woocommerce-cart-order-summary-block\">\n<div data-block-name=\"woocommerce\/cart-order-summary-heading-block\" class=\"wp-block-woocommerce-cart-order-summary-heading-block\"><\/div><div data-block-name=\"woocommerce\/cart-order-summary-coupon-form-block\" class=\"wp-block-woocommerce-cart-order-summary-coupon-form-block\"><\/div><div data-block-name=\"woocommerce\/cart-order-summary-totals-block\" class=\"wp-block-woocommerce-cart-order-summary-totals-block\">\n<div data-block-name=\"woocommerce\/cart-order-summary-subtotal-block\" class=\"wp-block-woocommerce-cart-order-summary-subtotal-block\"><\/div>\n<div data-block-name=\"woocommerce\/cart-order-summary-discount-block\" class=\"wp-block-woocommerce-cart-order-summary-discount-block\"><\/div>\n<div data-block-name=\"woocommerce\/cart-order-summary-fee-block\" class=\"wp-block-woocommerce-cart-order-summary-fee-block\"><\/div>\n<div data-block-name=\"woocommerce\/cart-order-summary-shipping-block\" class=\"wp-block-woocommerce-cart-order-summary-shipping-block\"><\/div>\n<div data-block-name=\"woocommerce\/cart-order-summary-taxes-block\" class=\"wp-block-woocommerce-cart-order-summary-taxes-block\"><\/div><\/div>\n<\/div>\n\n\n\n<div data-block-name=\"woocommerce\/cart-express-payment-block\" class=\"wp-block-woocommerce-cart-express-payment-block\"><\/div>\n\n\n\n<div data-block-name=\"woocommerce\/proceed-to-checkout-block\" class=\"wp-block-woocommerce-proceed-to-checkout-block\"><\/div>\n\n\n\n<div data-block-name=\"woocommerce\/cart-accepted-payment-methods-block\" class=\"wp-block-woocommerce-cart-accepted-payment-methods-block\"><\/div>\n<\/div>\n<\/div>\n\n\n\n<div data-block-name=\"woocommerce\/empty-cart-block\" class=\"wp-block-woocommerce-empty-cart-block\">\n<h2 class=\"wp-block-heading has-text-align-center with-empty-cart-icon wc-block-cart__empty-cart__title\">Your cart is currently empty!<\/h2>\n\n\n\n<hr class=\"wp-block-separator has-alpha-channel-opacity is-style-dots\"\/>\n\n\n\n<h2 class=\"wp-block-heading has-text-align-center\">New in store<\/h2>\n\n\n<div data-block-name=\"woocommerce\/product-new\" data-columns=\"4\" data-rows=\"1\" class=\"wc-block-grid wp-block-product-new wp-block-woocommerce-product-new wc-block-product-new has-4-columns\"><ul class=\"wc-block-grid__products\"><li class=\"wc-block-grid__product\">\n\t\t\t\t<a href=\"https:\/\/mayxucdien2.tranvugroup.com\/en\/product\/volvo-ecr145-electric-excavator\/\" class=\"wc-block-grid__product-link\">\n\t\t\t\t\t\n\t\t\t\t\t<div class=\"wc-block-grid__product-image\"><img fetchpriority=\"high\" decoding=\"async\" width=\"300\" height=\"300\" src=\"https:\/\/mayxucdien2.tranvugroup.com\/wp-content\/uploads\/2025\/12\/542471254_1348122527315213_3578847760896721769_n-300x300.jpg\" class=\"attachment-woocommerce_thumbnail size-woocommerce_thumbnail\" alt=\"M\u00e1y x\u00fac \u0111i\u1ec7n Volvo ECR145 Electric\" srcset=\"https:\/\/mayxucdien2.tranvugroup.com\/wp-content\/uploads\/2025\/12\/542471254_1348122527315213_3578847760896721769_n-300x300.jpg 300w, https:\/\/mayxucdien2.tranvugroup.com\/wp-content\/uploads\/2025\/12\/542471254_1348122527315213_3578847760896721769_n-450x450.jpg 450w, https:\/\/mayxucdien2.tranvugroup.com\/wp-content\/uploads\/2025\/12\/542471254_1348122527315213_3578847760896721769_n-768x768.jpg 768w, https:\/\/mayxucdien2.tranvugroup.com\/wp-content\/uploads\/2025\/12\/542471254_1348122527315213_3578847760896721769_n-900x900.jpg 900w, https:\/\/mayxucdien2.tranvugroup.com\/wp-content\/uploads\/2025\/12\/542471254_1348122527315213_3578847760896721769_n-600x600.jpg 600w, https:\/\/mayxucdien2.tranvugroup.com\/wp-content\/uploads\/2025\/12\/542471254_1348122527315213_3578847760896721769_n-100x100.jpg 100w, https:\/\/mayxucdien2.tranvugroup.com\/wp-content\/uploads\/2025\/12\/542471254_1348122527315213_3578847760896721769_n-1024x1024.jpg 1024w, https:\/\/mayxucdien2.tranvugroup.com\/wp-content\/uploads\/2025\/12\/542471254_1348122527315213_3578847760896721769_n-150x150.jpg 150w, https:\/\/mayxucdien2.tranvugroup.com\/wp-content\/uploads\/2025\/12\/542471254_1348122527315213_3578847760896721769_n.jpg 1440w\" sizes=\"(max-width: 300px) 100vw, 300px\" title=\"\"><\/div>\n\t\t\t\t\t<div class=\"wc-block-grid__product-title\">Volvo ECR145 Electric Excavator<\/div>\n\t\t\t\t<\/a>\n\t\t\t\t<div class=\"wc-block-grid__product-price price\"><span class=\"woocommerce-Price-amount amount\">415.000&nbsp;<span class=\"woocommerce-Price-currencySymbol\">&#036;<\/span><\/span><\/div>\n\t\t\t\t\n\t\t\t\t<div class=\"wp-block-button wc-block-grid__product-add-to-cart\"><a href=\"\/en\/wp-json\/wp\/v2\/pages\/3472?add-to-cart=4609\" aria-label=\"Add to cart: &ldquo;Volvo ECR145 Electric Excavator&rdquo;\" data-quantity=\"1\" data-product_id=\"4609\" data-product_sku=\"\" data-price=\"415000\" rel=\"nofollow\" class=\"wp-block-button__link  add_to_cart_button ajax_add_to_cart\">Add to cart<\/a><\/div>\n\t\t\t<\/li><li class=\"wc-block-grid__product\">\n\t\t\t\t<a href=\"https:\/\/mayxucdien2.tranvugroup.com\/en\/product\/hyundai-hx140-electric-excavator\/\" class=\"wc-block-grid__product-link\">\n\t\t\t\t\t\n\t\t\t\t\t<div class=\"wc-block-grid__product-image\"><img decoding=\"async\" width=\"300\" height=\"300\" src=\"https:\/\/mayxucdien2.tranvugroup.com\/wp-content\/uploads\/2025\/12\/485347829_1148873410367609_6475307239793636624_n-300x300.jpg\" class=\"attachment-woocommerce_thumbnail size-woocommerce_thumbnail\" alt=\"M\u00e1y x\u00fac \u0111i\u1ec7n Hyundai HX140 Electric\" srcset=\"https:\/\/mayxucdien2.tranvugroup.com\/wp-content\/uploads\/2025\/12\/485347829_1148873410367609_6475307239793636624_n-300x300.jpg 300w, https:\/\/mayxucdien2.tranvugroup.com\/wp-content\/uploads\/2025\/12\/485347829_1148873410367609_6475307239793636624_n-100x100.jpg 100w, https:\/\/mayxucdien2.tranvugroup.com\/wp-content\/uploads\/2025\/12\/485347829_1148873410367609_6475307239793636624_n-150x150.jpg 150w\" sizes=\"(max-width: 300px) 100vw, 300px\" title=\"\"><\/div>\n\t\t\t\t\t<div class=\"wc-block-grid__product-title\">Hyundai HX140 Electric Excavator<\/div>\n\t\t\t\t<\/a>\n\t\t\t\t<div class=\"wc-block-grid__product-price price\"><span class=\"woocommerce-Price-amount amount\">375.000&nbsp;<span class=\"woocommerce-Price-currencySymbol\">&#036;<\/span><\/span><\/div>\n\t\t\t\t\n\t\t\t\t<div class=\"wp-block-button wc-block-grid__product-add-to-cart\"><a href=\"\/en\/wp-json\/wp\/v2\/pages\/3472?add-to-cart=4607\" aria-label=\"Add to cart: &ldquo;Hyundai HX140 Electric Excavator&rdquo;\" data-quantity=\"1\" data-product_id=\"4607\" data-product_sku=\"\" data-price=\"375000\" rel=\"nofollow\" class=\"wp-block-button__link  add_to_cart_button ajax_add_to_cart\">Add to cart<\/a><\/div>\n\t\t\t<\/li><li class=\"wc-block-grid__product\">\n\t\t\t\t<a href=\"https:\/\/mayxucdien2.tranvugroup.com\/en\/product\/hitachi-zx85-e-electric-excavator\/\" class=\"wc-block-grid__product-link\">\n\t\t\t\t\t\n\t\t\t\t\t<div class=\"wc-block-grid__product-image\"><img decoding=\"async\" width=\"300\" height=\"300\" src=\"https:\/\/mayxucdien2.tranvugroup.com\/wp-content\/uploads\/2025\/12\/487312933_1111969474276784_2598000908294409875_n-300x300.jpg\" class=\"attachment-woocommerce_thumbnail size-woocommerce_thumbnail\" alt=\"M\u00e1y x\u00fac \u0111i\u1ec7n Hitachi ZX85-E\" srcset=\"https:\/\/mayxucdien2.tranvugroup.com\/wp-content\/uploads\/2025\/12\/487312933_1111969474276784_2598000908294409875_n-300x300.jpg 300w, https:\/\/mayxucdien2.tranvugroup.com\/wp-content\/uploads\/2025\/12\/487312933_1111969474276784_2598000908294409875_n-100x100.jpg 100w, https:\/\/mayxucdien2.tranvugroup.com\/wp-content\/uploads\/2025\/12\/487312933_1111969474276784_2598000908294409875_n-150x150.jpg 150w\" sizes=\"(max-width: 300px) 100vw, 300px\" title=\"\"><\/div>\n\t\t\t\t\t<div class=\"wc-block-grid__product-title\">Hitachi ZX85-E electric excavator<\/div>\n\t\t\t\t<\/a>\n\t\t\t\t<div class=\"wc-block-grid__product-price price\"><span class=\"woocommerce-Price-amount amount\">270.000&nbsp;<span class=\"woocommerce-Price-currencySymbol\">&#036;<\/span><\/span><\/div>\n\t\t\t\t\n\t\t\t\t<div class=\"wp-block-button wc-block-grid__product-add-to-cart\"><a href=\"\/en\/wp-json\/wp\/v2\/pages\/3472?add-to-cart=4605\" aria-label=\"Add to cart: &ldquo;Hitachi ZX85-E electric excavator&rdquo;\" data-quantity=\"1\" data-product_id=\"4605\" data-product_sku=\"\" data-price=\"270000\" rel=\"nofollow\" class=\"wp-block-button__link  add_to_cart_button ajax_add_to_cart\">Add to cart<\/a><\/div>\n\t\t\t<\/li><li class=\"wc-block-grid__product\">\n\t\t\t\t<a href=\"https:\/\/mayxucdien2.tranvugroup.com\/en\/product\/komatsu-pc88-e-electric-excavator\/\" class=\"wc-block-grid__product-link\">\n\t\t\t\t\t\n\t\t\t\t\t<div class=\"wc-block-grid__product-image\"><img loading=\"lazy\" decoding=\"async\" width=\"300\" height=\"300\" src=\"https:\/\/mayxucdien2.tranvugroup.com\/wp-content\/uploads\/2025\/12\/474744355_9499794790044230_8948959589994586718_n-300x300.jpg\" class=\"attachment-woocommerce_thumbnail size-woocommerce_thumbnail\" alt=\"M\u00e1y x\u00fac \u0111i\u1ec7n Komatsu PC88-E\" srcset=\"https:\/\/mayxucdien2.tranvugroup.com\/wp-content\/uploads\/2025\/12\/474744355_9499794790044230_8948959589994586718_n-300x300.jpg 300w, https:\/\/mayxucdien2.tranvugroup.com\/wp-content\/uploads\/2025\/12\/474744355_9499794790044230_8948959589994586718_n-100x100.jpg 100w, https:\/\/mayxucdien2.tranvugroup.com\/wp-content\/uploads\/2025\/12\/474744355_9499794790044230_8948959589994586718_n-150x150.jpg 150w\" sizes=\"(max-width: 300px) 100vw, 300px\" title=\"\"><\/div>\n\t\t\t\t\t<div class=\"wc-block-grid__product-title\">Komatsu PC88-E electric excavator<\/div>\n\t\t\t\t<\/a>\n\t\t\t\t<div class=\"wc-block-grid__product-price price\"><span class=\"woocommerce-Price-amount amount\">280.000&nbsp;<span class=\"woocommerce-Price-currencySymbol\">&#036;<\/span><\/span><\/div>\n\t\t\t\t\n\t\t\t\t<div class=\"wp-block-button wc-block-grid__product-add-to-cart\"><a href=\"\/en\/wp-json\/wp\/v2\/pages\/3472?add-to-cart=4602\" aria-label=\"Add to cart: &ldquo;Komatsu PC88-E electric excavator&rdquo;\" data-quantity=\"1\" data-product_id=\"4602\" data-product_sku=\"\" data-price=\"280000\" rel=\"nofollow\" class=\"wp-block-button__link  add_to_cart_button ajax_add_to_cart\">Add to cart<\/a><\/div>\n\t\t\t<\/li><\/ul><\/div><\/div>\n<\/div>\n","protected":false},"excerpt":{"rendered":"","protected":false},"author":3,"featured_media":0,"parent":0,"menu_order":0,"comment_status":"closed","ping_status":"closed","template":"","meta":{"footnotes":""},"class_list":["post-3472","page","type-page","status-publish","hentry"],"_links":{"self":[{"href":"https:\/\/mayxucdien2.tranvugroup.com\/en\/wp-json\/wp\/v2\/pages\/3472","targetHints":{"allow":["GET"]}}],"collection":[{"href":"https:\/\/mayxucdien2.tranvugroup.com\/en\/wp-json\/wp\/v2\/pages"}],"about":[{"href":"https:\/\/mayxucdien2.tranvugroup.com\/en\/wp-json\/wp\/v2\/types\/page"}],"author":[{"embeddable":true,"href":"https:\/\/mayxucdien2.tranvugroup.com\/en\/wp-json\/wp\/v2\/users\/3"}],"replies":[{"embeddable":true,"href":"https:\/\/mayxucdien2.tranvugroup.com\/en\/wp-json\/wp\/v2\/comments?post=3472"}],"version-history":[{"count":0,"href":"https:\/\/mayxucdien2.tranvugroup.com\/en\/wp-json\/wp\/v2\/pages\/3472\/revisions"}],"wp:attachment":[{"href":"https:\/\/mayxucdien2.tranvugroup.com\/en\/wp-json\/wp\/v2\/media?parent=3472"}],"curies":[{"name":"wp","href":"https:\/\/api.w.org\/{rel}","templated":true}]}}